{"id":111,"date":"2023-09-08T17:35:35","date_gmt":"2023-09-08T15:35:35","guid":{"rendered":"https:\/\/aap-patrimoine.com\/?page_id=111"},"modified":"2024-03-21T11:07:48","modified_gmt":"2024-03-21T10:07:48","slug":"votre-conseiller","status":"publish","type":"page","link":"https:\/\/aap-patrimoine.com\/index.php\/votre-conseiller\/","title":{"rendered":"VOTRE CONSEILLER"},"content":{"rendered":"\t\t<div data-elementor-type=\"wp-page\" data-elementor-id=\"111\" class=\"elementor elementor-111\" data-elementor-post-type=\"page\">\n\t\t\t\t\t\t<section class=\"elementor-section elementor-top-section elementor-element elementor-element-4d9858d elementor-section-stretched elementor-section-boxed elementor-section-height-default elementor-section-height-default\" data-id=\"4d9858d\" data-element_type=\"section\" data-e-type=\"section\" data-settings=\"{&quot;stretch_section&quot;:&quot;section-stretched&quot;}\">\n\t\t\t\t\t\t<div class=\"elementor-container elementor-column-gap-default\">\n\t\t\t\t\t<div class=\"elementor-column elementor-col-33 elementor-top-column elementor-element elementor-element-75a8768\" data-id=\"75a8768\" data-element_type=\"column\" data-e-type=\"column\">\n\t\t\t<div class=\"elementor-widget-wrap elementor-element-populated\">\n\t\t\t\t\t\t<div class=\"elementor-element elementor-element-a32eb9c elementor-widget elementor-widget-image\" data-id=\"a32eb9c\" data-element_type=\"widget\" data-e-type=\"widget\" data-widget_type=\"image.default\">\n\t\t\t\t<div class=\"elementor-widget-container\">\n\t\t\t\t\t\t\t\t\t\t\t\t\t\t\t<img fetchpriority=\"high\" decoding=\"async\" width=\"1708\" height=\"2560\" src=\"https:\/\/aap-patrimoine.com\/wp-content\/uploads\/2023\/09\/Missions-valeurs-scaled.jpeg\" class=\"attachment-full size-full wp-image-219\" alt=\"\" srcset=\"https:\/\/aap-patrimoine.com\/wp-content\/uploads\/2023\/09\/Missions-valeurs-scaled.jpeg 1708w, https:\/\/aap-patrimoine.com\/wp-content\/uploads\/2023\/09\/Missions-valeurs-200x300.jpeg 200w, https:\/\/aap-patrimoine.com\/wp-content\/uploads\/2023\/09\/Missions-valeurs-683x1024.jpeg 683w, https:\/\/aap-patrimoine.com\/wp-content\/uploads\/2023\/09\/Missions-valeurs-768x1151.jpeg 768w, https:\/\/aap-patrimoine.com\/wp-content\/uploads\/2023\/09\/Missions-valeurs-1025x1536.jpeg 1025w, https:\/\/aap-patrimoine.com\/wp-content\/uploads\/2023\/09\/Missions-valeurs-1367x2048.jpeg 1367w, https:\/\/aap-patrimoine.com\/wp-content\/uploads\/2023\/09\/Missions-valeurs-2000x2997.jpeg 2000w\" sizes=\"100vw\" \/>\t\t\t\t\t\t\t\t\t\t\t\t\t\t\t<\/div>\n\t\t\t\t<\/div>\n\t\t\t\t\t<\/div>\n\t\t<\/div>\n\t\t\t\t<div class=\"elementor-column elementor-col-66 elementor-top-column elementor-element elementor-element-84d35c5\" data-id=\"84d35c5\" data-element_type=\"column\" data-e-type=\"column\">\n\t\t\t<div class=\"elementor-widget-wrap elementor-element-populated\">\n\t\t\t\t\t\t<div class=\"elementor-element elementor-element-282715f elementor-widget elementor-widget-heading\" data-id=\"282715f\" data-element_type=\"widget\" data-e-type=\"widget\" data-widget_type=\"heading.default\">\n\t\t\t\t<div class=\"elementor-widget-container\">\n\t\t\t\t\t<h2 class=\"elementor-heading-title elementor-size-default\">Missions &amp; Valeurs<\/h2>\t\t\t\t<\/div>\n\t\t\t\t<\/div>\n\t\t\t\t<div class=\"elementor-element elementor-element-65e7717 elementor-widget elementor-widget-text-editor\" data-id=\"65e7717\" data-element_type=\"widget\" data-e-type=\"widget\" data-widget_type=\"text-editor.default\">\n\t\t\t\t<div class=\"elementor-widget-container\">\n\t\t\t\t\t\t\t\t\t<p><strong>Notre approche en gestion patrimoniale :<\/strong><\/p><p>Votre conseiller a pour mission de vous accompagner dans la constitution de votre patrimoine et dans la gestion de l&#8217;existant. Nous d\u00e9butons par un audit de vos revenus, charges et actifs d\u00e9tenus, ce qui nous permet de vous fournir un bilan patrimonial d\u00e9taill\u00e9. Ensuite, nous vous apportons notre analyse en relation avec vos objectifs et besoins.<\/p><p>Ce bilan patrimonial est gratuit. Vous avez la possibilit\u00e9 de le conserver. Notre approche repose sur plusieurs principes cl\u00e9s :<\/p><ol><li><strong>\u00c9viter les pi\u00e8ges de la d\u00e9fiscalisation :<\/strong> Nous analysons les avantages et les inconv\u00e9nients de la d\u00e9fiscalisation, en vous aidant \u00e0 prendre des d\u00e9cisions \u00e9clair\u00e9es sur la mani\u00e8re de g\u00e9rer vos imp\u00f4ts.<\/li><li><strong>Rechercher des solutions simples :<\/strong> Nous privil\u00e9gions des investissements simples et transparents plut\u00f4t que des montages complexes et risqu\u00e9s.<\/li><li><strong>Valoriser le patrimoine existant :<\/strong> Nous cherchons \u00e0 optimiser ce que vous avez d\u00e9j\u00e0 pour continuer \u00e0 d\u00e9velopper votre patrimoine.<\/li><li><strong>Consid\u00e9rer tous les investissements :<\/strong> Quelle que soit la somme que vous souhaitez investir, nous s\u00e9lectionnons les solutions dans une perspective globale d&#8217;\u00e9pargne, en tenant compte de vos objectifs et de votre situation financi\u00e8re.<\/li><li><strong>\u00c9viter les investissements contraignants :<\/strong> Nous proposons des solutions qui correspondent \u00e0 vos besoins de disponibilit\u00e9 financi\u00e8res, sans contraintes excessives.<\/li><li><strong>Anticiper l&#8217;avenir :<\/strong> Nous prenons en compte les incertitudes du temps et orientons vos solutions en fonction pour une planification patrimoniale proactive.<\/li><li><strong>Proposer des solutions personnalis\u00e9es :<\/strong> Chaque solution que nous offrons est adapt\u00e9e \u00e0 votre \u00e2ge, vos projets, vos obligations et vos souhaits, amenant \u00e0 une gestion patrimoniale sur mesure.<\/li><\/ol>\t\t\t\t\t\t\t\t<\/div>\n\t\t\t\t<\/div>\n\t\t\t\t\t<\/div>\n\t\t<\/div>\n\t\t\t\t\t<\/div>\n\t\t<\/section>\n\t\t\t\t<section class=\"elementor-section elementor-top-section elementor-element elementor-element-5eef8fd9 elementor-section-content-middle elementor-section-stretched elementor-section-boxed elementor-section-height-default elementor-section-height-default\" data-id=\"5eef8fd9\" data-element_type=\"section\" data-e-type=\"section\" data-settings=\"{&quot;background_background&quot;:&quot;classic&quot;,&quot;stretch_section&quot;:&quot;section-stretched&quot;}\">\n\t\t\t\t\t\t<div class=\"elementor-container elementor-column-gap-no\">\n\t\t\t\t\t<div class=\"elementor-column elementor-col-100 elementor-top-column elementor-element elementor-element-6c53cb1b\" data-id=\"6c53cb1b\" data-element_type=\"column\" data-e-type=\"column\">\n\t\t\t<div class=\"elementor-widget-wrap elementor-element-populated\">\n\t\t\t\t\t\t<div class=\"elementor-element elementor-element-1b6f117e elementor-widget elementor-widget-heading\" data-id=\"1b6f117e\" data-element_type=\"widget\" data-e-type=\"widget\" data-widget_type=\"heading.default\">\n\t\t\t\t<div class=\"elementor-widget-container\">\n\t\t\t\t\t<h4 class=\"elementor-heading-title elementor-size-default\">Vos conseillers<\/h4>\t\t\t\t<\/div>\n\t\t\t\t<\/div>\n\t\t\t\t<div class=\"elementor-element elementor-element-2d36e91c elementor-widget elementor-widget-heading\" data-id=\"2d36e91c\" data-element_type=\"widget\" data-e-type=\"widget\" data-widget_type=\"heading.default\">\n\t\t\t\t<div class=\"elementor-widget-container\">\n\t\t\t\t\t<h5 class=\"elementor-heading-title elementor-size-default\">Parce que nous voulons vous procurer le meilleur conseil, chaque conseiller s'engage \u00e0 r\u00e9aliser un minimum de veille sur la fiscalit\u00e9, la technicit\u00e9 et des sp\u00e9cificit\u00e9s immobili\u00e8res.\n\nDe plus, nous sommes certifi\u00e9s AMF, inscrit \u00e0 l'Orias et membre de la Chambre des Conseillers de Gestion du Patrimoine.<\/h5>\t\t\t\t<\/div>\n\t\t\t\t<\/div>\n\t\t\t\t\t<\/div>\n\t\t<\/div>\n\t\t\t\t\t<\/div>\n\t\t<\/section>\n\t\t\t\t<section class=\"elementor-section elementor-top-section elementor-element elementor-element-810f554 elementor-section-boxed elementor-section-height-default elementor-section-height-default\" data-id=\"810f554\" data-element_type=\"section\" data-e-type=\"section\">\n\t\t\t\t\t\t<div class=\"elementor-container elementor-column-gap-default\">\n\t\t\t\t\t<div class=\"elementor-column elementor-col-100 elementor-top-column elementor-element elementor-element-9ff0652\" data-id=\"9ff0652\" data-element_type=\"column\" data-e-type=\"column\">\n\t\t\t<div class=\"elementor-widget-wrap elementor-element-populated\">\n\t\t\t\t\t\t<div class=\"elementor-element elementor-element-503faf4 elementor-widget elementor-widget-html\" data-id=\"503faf4\" data-element_type=\"widget\" data-e-type=\"widget\" data-widget_type=\"html.default\">\n\t\t\t\t<div class=\"elementor-widget-container\">\n\t\t\t\t\t<!-- Google Tag Manager -->\n<script>(function(w,d,s,l,i){w[l]=w[l]||[];w[l].push({'gtm.start':\nnew Date().getTime(),event:'gtm.js'});var f=d.getElementsByTagName(s)[0],\nj=d.createElement(s),dl=l!='dataLayer'?'&l='+l:'';j.async=true;j.src=\n'https:\/\/www.googletagmanager.com\/gtm.js?id='+i+dl;f.parentNode.insertBefore(j,f);\n})(window,document,'script','dataLayer','GTM-T7TRHXK9');<\/script>\n<!-- End Google Tag Manager -->\n\n<!-- Google Tag Manager (noscript) -->\n<noscript><iframe src=\"https:\/\/www.googletagmanager.com\/ns.html?id=GTM-T7TRHXK9\"\nheight=\"0\" width=\"0\" style=\"display:none;visibility:hidden\"><\/iframe><\/noscript>\n<!-- End Google Tag Manager (noscript) -->\t\t\t\t<\/div>\n\t\t\t\t<\/div>\n\t\t\t\t\t<\/div>\n\t\t<\/div>\n\t\t\t\t\t<\/div>\n\t\t<\/section>\n\t\t\t\t<\/div>\n\t\t","protected":false},"excerpt":{"rendered":"<p>Missions &amp; Valeurs Notre approche en gestion patrimoniale : Votre conseiller a pour mission de vous accompagner dans la constitution de votre patrimoine et dans la gestion de l&#8217;existant. Nous d\u00e9butons par un audit de vos revenus, charges et actifs d\u00e9tenus, ce qui nous permet de vous fournir un bilan patrimonial d\u00e9taill\u00e9. Ensuite, nous vous &hellip; <\/p>\n<p class=\"link-more\"><a href=\"https:\/\/aap-patrimoine.com\/index.php\/votre-conseiller\/\" class=\"more-link\">Read more<span class=\"screen-reader-text\"> &#8220;VOTRE CONSEILLER&#8221;<\/span><\/a><\/p>\n","protected":false},"author":2,"featured_media":0,"parent":0,"menu_order":0,"comment_status":"closed","ping_status":"closed","template":"","meta":{"inspiro_hide_title":false,"footnotes":""},"class_list":["post-111","page","type-page","status-publish","hentry"],"yoast_head":"<!-- This site is optimized with the Yoast SEO plugin v25.9 - https:\/\/yoast.com\/wordpress\/plugins\/seo\/ -->\n<title>VOTRE CONSEILLER - AAP<\/title>\n<meta name=\"robots\" content=\"index, follow, max-snippet:-1, max-image-preview:large, max-video-preview:-1\" \/>\n<link rel=\"canonical\" href=\"https:\/\/aap-patrimoine.com\/index.php\/votre-conseiller\/\" \/>\n<meta property=\"og:locale\" content=\"en_US\" \/>\n<meta property=\"og:type\" content=\"article\" \/>\n<meta property=\"og:title\" content=\"VOTRE CONSEILLER - AAP\" \/>\n<meta property=\"og:description\" content=\"Missions &amp; Valeurs Notre approche en gestion patrimoniale : Votre conseiller a pour mission de vous accompagner dans la constitution de votre patrimoine et dans la gestion de l&#8217;existant. Nous d\u00e9butons par un audit de vos revenus, charges et actifs d\u00e9tenus, ce qui nous permet de vous fournir un bilan patrimonial d\u00e9taill\u00e9. Ensuite, nous vous &hellip; Read more &quot;VOTRE CONSEILLER&quot;\" \/>\n<meta property=\"og:url\" content=\"https:\/\/aap-patrimoine.com\/index.php\/votre-conseiller\/\" \/>\n<meta property=\"og:site_name\" content=\"AAP\" \/>\n<meta property=\"article:modified_time\" content=\"2024-03-21T10:07:48+00:00\" \/>\n<meta property=\"og:image\" content=\"http:\/\/aap-patrimoine.com\/wp-content\/uploads\/2023\/09\/Missions-valeurs-scaled.jpeg\" \/>\n<meta name=\"twitter:card\" content=\"summary_large_image\" \/>\n<meta name=\"twitter:label1\" content=\"Est. reading time\" \/>\n\t<meta name=\"twitter:data1\" content=\"2 minutes\" \/>\n<script type=\"application\/ld+json\" class=\"yoast-schema-graph\">{\"@context\":\"https:\/\/schema.org\",\"@graph\":[{\"@type\":\"WebPage\",\"@id\":\"https:\/\/aap-patrimoine.com\/index.php\/votre-conseiller\/\",\"url\":\"https:\/\/aap-patrimoine.com\/index.php\/votre-conseiller\/\",\"name\":\"VOTRE CONSEILLER - AAP\",\"isPartOf\":{\"@id\":\"https:\/\/aap-patrimoine.com\/#website\"},\"primaryImageOfPage\":{\"@id\":\"https:\/\/aap-patrimoine.com\/index.php\/votre-conseiller\/#primaryimage\"},\"image\":{\"@id\":\"https:\/\/aap-patrimoine.com\/index.php\/votre-conseiller\/#primaryimage\"},\"thumbnailUrl\":\"http:\/\/aap-patrimoine.com\/wp-content\/uploads\/2023\/09\/Missions-valeurs-scaled.jpeg\",\"datePublished\":\"2023-09-08T15:35:35+00:00\",\"dateModified\":\"2024-03-21T10:07:48+00:00\",\"breadcrumb\":{\"@id\":\"https:\/\/aap-patrimoine.com\/index.php\/votre-conseiller\/#breadcrumb\"},\"inLanguage\":\"en-US\",\"potentialAction\":[{\"@type\":\"ReadAction\",\"target\":[\"https:\/\/aap-patrimoine.com\/index.php\/votre-conseiller\/\"]}]},{\"@type\":\"ImageObject\",\"inLanguage\":\"en-US\",\"@id\":\"https:\/\/aap-patrimoine.com\/index.php\/votre-conseiller\/#primaryimage\",\"url\":\"http:\/\/aap-patrimoine.com\/wp-content\/uploads\/2023\/09\/Missions-valeurs-scaled.jpeg\",\"contentUrl\":\"http:\/\/aap-patrimoine.com\/wp-content\/uploads\/2023\/09\/Missions-valeurs-scaled.jpeg\"},{\"@type\":\"BreadcrumbList\",\"@id\":\"https:\/\/aap-patrimoine.com\/index.php\/votre-conseiller\/#breadcrumb\",\"itemListElement\":[{\"@type\":\"ListItem\",\"position\":1,\"name\":\"Accueil\",\"item\":\"https:\/\/aap-patrimoine.com\/\"},{\"@type\":\"ListItem\",\"position\":2,\"name\":\"VOTRE CONSEILLER\"}]},{\"@type\":\"WebSite\",\"@id\":\"https:\/\/aap-patrimoine.com\/#website\",\"url\":\"https:\/\/aap-patrimoine.com\/\",\"name\":\"AAP\",\"description\":\"Actif Atlantique Patrimoine\",\"publisher\":{\"@id\":\"https:\/\/aap-patrimoine.com\/#organization\"},\"potentialAction\":[{\"@type\":\"SearchAction\",\"target\":{\"@type\":\"EntryPoint\",\"urlTemplate\":\"https:\/\/aap-patrimoine.com\/?s={search_term_string}\"},\"query-input\":{\"@type\":\"PropertyValueSpecification\",\"valueRequired\":true,\"valueName\":\"search_term_string\"}}],\"inLanguage\":\"en-US\"},{\"@type\":\"Organization\",\"@id\":\"https:\/\/aap-patrimoine.com\/#organization\",\"name\":\"ACTIF ATLANTIQUE PATRIMOINE\",\"url\":\"https:\/\/aap-patrimoine.com\/\",\"logo\":{\"@type\":\"ImageObject\",\"inLanguage\":\"en-US\",\"@id\":\"https:\/\/aap-patrimoine.com\/#\/schema\/logo\/image\/\",\"url\":\"https:\/\/aap-patrimoine.com\/wp-content\/uploads\/2023\/06\/cropped-cropped-cropped-Plan-de-travail-3-1.png\",\"contentUrl\":\"https:\/\/aap-patrimoine.com\/wp-content\/uploads\/2023\/06\/cropped-cropped-cropped-Plan-de-travail-3-1.png\",\"width\":512,\"height\":381,\"caption\":\"ACTIF ATLANTIQUE PATRIMOINE\"},\"image\":{\"@id\":\"https:\/\/aap-patrimoine.com\/#\/schema\/logo\/image\/\"}}]}<\/script>\n<!-- \/ Yoast SEO plugin. -->","yoast_head_json":{"title":"VOTRE CONSEILLER - AAP","robots":{"index":"index","follow":"follow","max-snippet":"max-snippet:-1","max-image-preview":"max-image-preview:large","max-video-preview":"max-video-preview:-1"},"canonical":"https:\/\/aap-patrimoine.com\/index.php\/votre-conseiller\/","og_locale":"en_US","og_type":"article","og_title":"VOTRE CONSEILLER - AAP","og_description":"Missions &amp; Valeurs Notre approche en gestion patrimoniale : Votre conseiller a pour mission de vous accompagner dans la constitution de votre patrimoine et dans la gestion de l&#8217;existant. Nous d\u00e9butons par un audit de vos revenus, charges et actifs d\u00e9tenus, ce qui nous permet de vous fournir un bilan patrimonial d\u00e9taill\u00e9. Ensuite, nous vous &hellip; Read more \"VOTRE CONSEILLER\"","og_url":"https:\/\/aap-patrimoine.com\/index.php\/votre-conseiller\/","og_site_name":"AAP","article_modified_time":"2024-03-21T10:07:48+00:00","og_image":[{"url":"http:\/\/aap-patrimoine.com\/wp-content\/uploads\/2023\/09\/Missions-valeurs-scaled.jpeg","type":"","width":"","height":""}],"twitter_card":"summary_large_image","twitter_misc":{"Est. reading time":"2 minutes"},"schema":{"@context":"https:\/\/schema.org","@graph":[{"@type":"WebPage","@id":"https:\/\/aap-patrimoine.com\/index.php\/votre-conseiller\/","url":"https:\/\/aap-patrimoine.com\/index.php\/votre-conseiller\/","name":"VOTRE CONSEILLER - AAP","isPartOf":{"@id":"https:\/\/aap-patrimoine.com\/#website"},"primaryImageOfPage":{"@id":"https:\/\/aap-patrimoine.com\/index.php\/votre-conseiller\/#primaryimage"},"image":{"@id":"https:\/\/aap-patrimoine.com\/index.php\/votre-conseiller\/#primaryimage"},"thumbnailUrl":"http:\/\/aap-patrimoine.com\/wp-content\/uploads\/2023\/09\/Missions-valeurs-scaled.jpeg","datePublished":"2023-09-08T15:35:35+00:00","dateModified":"2024-03-21T10:07:48+00:00","breadcrumb":{"@id":"https:\/\/aap-patrimoine.com\/index.php\/votre-conseiller\/#breadcrumb"},"inLanguage":"en-US","potentialAction":[{"@type":"ReadAction","target":["https:\/\/aap-patrimoine.com\/index.php\/votre-conseiller\/"]}]},{"@type":"ImageObject","inLanguage":"en-US","@id":"https:\/\/aap-patrimoine.com\/index.php\/votre-conseiller\/#primaryimage","url":"http:\/\/aap-patrimoine.com\/wp-content\/uploads\/2023\/09\/Missions-valeurs-scaled.jpeg","contentUrl":"http:\/\/aap-patrimoine.com\/wp-content\/uploads\/2023\/09\/Missions-valeurs-scaled.jpeg"},{"@type":"BreadcrumbList","@id":"https:\/\/aap-patrimoine.com\/index.php\/votre-conseiller\/#breadcrumb","itemListElement":[{"@type":"ListItem","position":1,"name":"Accueil","item":"https:\/\/aap-patrimoine.com\/"},{"@type":"ListItem","position":2,"name":"VOTRE CONSEILLER"}]},{"@type":"WebSite","@id":"https:\/\/aap-patrimoine.com\/#website","url":"https:\/\/aap-patrimoine.com\/","name":"AAP","description":"Actif Atlantique Patrimoine","publisher":{"@id":"https:\/\/aap-patrimoine.com\/#organization"},"potentialAction":[{"@type":"SearchAction","target":{"@type":"EntryPoint","urlTemplate":"https:\/\/aap-patrimoine.com\/?s={search_term_string}"},"query-input":{"@type":"PropertyValueSpecification","valueRequired":true,"valueName":"search_term_string"}}],"inLanguage":"en-US"},{"@type":"Organization","@id":"https:\/\/aap-patrimoine.com\/#organization","name":"ACTIF ATLANTIQUE PATRIMOINE","url":"https:\/\/aap-patrimoine.com\/","logo":{"@type":"ImageObject","inLanguage":"en-US","@id":"https:\/\/aap-patrimoine.com\/#\/schema\/logo\/image\/","url":"https:\/\/aap-patrimoine.com\/wp-content\/uploads\/2023\/06\/cropped-cropped-cropped-Plan-de-travail-3-1.png","contentUrl":"https:\/\/aap-patrimoine.com\/wp-content\/uploads\/2023\/06\/cropped-cropped-cropped-Plan-de-travail-3-1.png","width":512,"height":381,"caption":"ACTIF ATLANTIQUE PATRIMOINE"},"image":{"@id":"https:\/\/aap-patrimoine.com\/#\/schema\/logo\/image\/"}}]}},"jetpack_sharing_enabled":true,"_links":{"self":[{"href":"https:\/\/aap-patrimoine.com\/index.php\/wp-json\/wp\/v2\/pages\/111","targetHints":{"allow":["GET"]}}],"collection":[{"href":"https:\/\/aap-patrimoine.com\/index.php\/wp-json\/wp\/v2\/pages"}],"about":[{"href":"https:\/\/aap-patrimoine.com\/index.php\/wp-json\/wp\/v2\/types\/page"}],"author":[{"embeddable":true,"href":"https:\/\/aap-patrimoine.com\/index.php\/wp-json\/wp\/v2\/users\/2"}],"replies":[{"embeddable":true,"href":"https:\/\/aap-patrimoine.com\/index.php\/wp-json\/wp\/v2\/comments?post=111"}],"version-history":[{"count":35,"href":"https:\/\/aap-patrimoine.com\/index.php\/wp-json\/wp\/v2\/pages\/111\/revisions"}],"predecessor-version":[{"id":326,"href":"https:\/\/aap-patrimoine.com\/index.php\/wp-json\/wp\/v2\/pages\/111\/revisions\/326"}],"wp:attachment":[{"href":"https:\/\/aap-patrimoine.com\/index.php\/wp-json\/wp\/v2\/media?parent=111"}],"curies":[{"name":"wp","href":"https:\/\/api.w.org\/{rel}","templated":true}]}}