{"id":3,"date":"2023-06-20T11:17:30","date_gmt":"2023-06-20T09:17:30","guid":{"rendered":"http:\/\/aap-patrimoine.com\/?page_id=3"},"modified":"2023-09-08T16:39:34","modified_gmt":"2023-09-08T14:39:34","slug":"politique-de-confidentialite","status":"publish","type":"page","link":"https:\/\/aap-patrimoine.com\/index.php\/politique-de-confidentialite\/","title":{"rendered":"Politique de confidentialit\u00e9"},"content":{"rendered":"\n<h2 class=\"wp-block-heading\">Qui sommes-nous&nbsp;?<\/h2>\n\n\n\n<p>Actif Atlantique\u00a0Patrimoine\u00a0est une entreprise qui vous accompagne dans la constitution de votre patrimoine et dans la gestion de l\u2019existant. L\u2019adresse de notre site Web est\u00a0:\u00a0<a rel=\"noreferrer noopener\" href=\"http:\/\/web.archive.org\/web\/20220519020013\/https:\/\/aap-patrimoine.com\/\" target=\"_blank\">https:\/\/aap-patrimoine.com\/<\/a>.<\/p>\n\n\n\n<h2 class=\"wp-block-heading\">UTILISATION DES DONN\u00c9ES PERSONNELLES COLLECT\u00c9ES<\/h2>\n\n\n\n<p><strong>FORMULAIRES DE CONTACT<\/strong><\/p>\n\n\n\n<p>Chaque formulaire&nbsp;limite la collecte des donn\u00e9es personnelles au strict n\u00e9cessaire (minimisation des donn\u00e9es) et indique notamment :<\/p>\n\n\n\n<ul class=\"wp-block-list\">\n<li>quels sont les objectifs du recueil de ces donn\u00e9es (finalit\u00e9s) ;<\/li>\n\n\n\n<li>si ces donn\u00e9es sont obligatoires ou facultatives pour la gestion de votre demande ;<\/li>\n\n\n\n<li>vos droits \u00ab&nbsp;Informatique et Libert\u00e9s&nbsp;\u00bb et la fa\u00e7on de les exercer.<\/li>\n\n\n\n<li>Les donn\u00e9es personnelles recueillies dans le cadre des services propos\u00e9s sur&nbsp;<a href=\"http:\/\/web.archive.org\/web\/20220519020013\/https:\/\/aap-patrimoine.com\/\">https:\/\/aap-patrimoine.com\/<\/a>&nbsp;sont trait\u00e9es selon des&nbsp;protocoles s\u00e9curis\u00e9s&nbsp;et permettent \u00e0&nbsp;Actif Atlantique&nbsp;Patrimoine &nbsp;de g\u00e9rer les demandes re\u00e7ues dans ses applications informatiques.<\/li>\n<\/ul>\n\n\n\n<p><strong>FINALIT\u00c9S<\/strong><\/p>\n\n\n\n<p>La gestion commerciale et marketing&nbsp;:<\/p>\n\n\n\n<ul class=\"wp-block-list\">\n<li>G\u00e9rer et traiter vos demandes d\u2019information.<\/li>\n<\/ul>\n\n\n\n<p><strong>DESTINATAIRES DES DONN\u00c9ES<\/strong><\/p>\n\n\n\n<p>Les donn\u00e9es \u00e0 caract\u00e8re personnel collect\u00e9es sont destin\u00e9es \u00e0 la gestion de vos demandes d\u2019information.<\/p>\n\n\n\n<p>En dehors de cette hypoth\u00e8se, la divulgation des donn\u00e9es \u00e0 caract\u00e8re personnel \u00e0 des tiers ne pourra intervenir que dans les cas suivants :<\/p>\n\n\n\n<ul class=\"wp-block-list\">\n<li>sur autorisation de leur part ;<\/li>\n\n\n\n<li>sur demande des autorit\u00e9s l\u00e9galement comp\u00e9tentes, sur r\u00e9quisition judiciaire, ou dans le cadre d\u2019un contentieux judiciaire.<\/li>\n<\/ul>\n\n\n\n<p><strong>DUR\u00c9E DE CONSERVATION DES DONN\u00c9ES<\/strong><\/p>\n\n\n\n<p>Les donn\u00e9es \u00e0 caract\u00e8re personnel collect\u00e9es par Actif Atlantique&nbsp;Patrimoine, relatives \u00e0 l\u2019identit\u00e9 et aux coordonn\u00e9es de ses utilisateurs sont archiv\u00e9es pendant une dur\u00e9e illimit\u00e9e.<\/p>\n\n\n\n<p><\/p>\n\n\n\n<h2 class=\"wp-block-heading\">DROIT DES UTILISATEURS<\/h2>\n\n\n\n<p>Le responsable de traitement est la soci\u00e9t\u00e9 Actif Atlantique&nbsp;Patrimoine. Les informations collect\u00e9es font l\u2019objet d\u2019un traitement informatique et sont destin\u00e9es \u00e0 la Soci\u00e9t\u00e9 Actif Atlantique&nbsp;Patrimoine.<\/p>\n\n\n\n<p>Elles sont utilis\u00e9es&nbsp;:<\/p>\n\n\n\n<ul class=\"wp-block-list\">\n<li>Pour g\u00e9rer et traiter vos demandes d\u2019informations<\/li>\n<\/ul>\n\n\n\n<p>Les champs suivis d\u2019un ast\u00e9risque doivent obligatoirement \u00eatre renseign\u00e9s, \u00e0 d\u00e9faut de quoi nous ne pourrions pas donner suite \u00e0 votre demande.<\/p>\n\n\n\n<p>Conform\u00e9ment \u00e0 la loi fran\u00e7aise du 6 janvier 1978 relative \u00e0 l\u2019informatique, aux fichiers et aux libert\u00e9s, modifi\u00e9e par la loi relative \u00e0 la protection des personnes physiques \u00e0 l\u2019\u00e9gard des traitements de donn\u00e9es \u00e0 caract\u00e8re personnel du 6 ao\u00fbt 2004 et au RGPD (r\u00e8glement G\u00e9n\u00e9ral sur la Protection des Donn\u00e9es \u2013R\u00e8glement n\u00b0 2016\/679 du Parlement europ\u00e9en et du Conseil du 27 avril 2016 relatif \u00e0 la protection des personnes physiques \u00e0 l\u2019\u00e9gard du traitement des donn\u00e9es \u00e0 caract\u00e8re personnel et \u00e0 la libre circulation de ces donn\u00e9es), vous disposez d\u2019un droit d\u2019acc\u00e8s, de rectification, de suppression, \u00e0 la limitation ou d\u2019opposition au traitement et \u00e0 la portabilit\u00e9 des donn\u00e9es personnelles qui vous concerne.<\/p>\n\n\n\n<p>Vous pouvez exercer vos droits d\u00e9crits ci-dessus en vous adressant au service&nbsp;communication de la soci\u00e9t\u00e9&nbsp;Actif Atlantique&nbsp;Patrimoine&nbsp;<a href=\"http:\/\/web.archive.org\/web\/20220519020013\/https:\/\/aap-patrimoine.com\/exercez-vos-droits\/\" target=\"_blank\" rel=\"noreferrer noopener\">via ce&nbsp;formulaire<\/a>&nbsp;ou par courrier \u00e0:<br>Actif Atlantique&nbsp;Patrimoine<br>1, Rue d\u2019Angers BP 94<br>44143 CH\u00c2TEAUBRIANT Cedex<\/p>\n\n\n\n<h2 class=\"wp-block-heading\">Cookies<\/h2>\n\n\n\n<p>Lorsque vous vous connecterez, nous mettrons en place un certain nombre de cookies pour enregistrer vos informations de connexion et vos pr\u00e9f\u00e9rences d\u2019\u00e9cran. La dur\u00e9e de vie d\u2019un cookie de connexion est de deux jours, celle d\u2019un cookie d\u2019option d\u2019\u00e9cran est d\u2019un an.<\/p>\n\n\n\n<p><strong>CONTENU EMBARQU\u00c9 DEPUIS D\u2019AUTRES SITES<\/strong><\/p>\n\n\n\n<p>Les articles de ce site peuvent inclure des contenus int\u00e9gr\u00e9s (par exemple des vid\u00e9os, images, articles\u2026). Le contenu int\u00e9gr\u00e9 depuis d\u2019autres sites se comporte de la m\u00eame mani\u00e8re que si le visiteur se rendait sur cet autre site.<\/p>\n\n\n\n<p>Ces sites web pourraient collecter des donn\u00e9es sur vous, utiliser des cookies, embarquer des outils de suivis tiers, suivre vos interactions avec ces contenus embarqu\u00e9s si vous disposez d\u2019un compte connect\u00e9 sur leur site web.<\/p>\n\n\n\n<p><strong>STATISTIQUES ET MESURES D\u2019AUDIENCE<\/strong><\/p>\n\n\n\n<p>Cette page d\u2019information est destin\u00e9e \u00e0 informer l\u2019utilisateur du fonctionnement des cookies d\u00e9pos\u00e9s lors de sa navigation sur les sites, quel que soit l\u2019\u00e9quipement (ordinateur, tablette ou mobile).<br>Actif Atlantique&nbsp;Patrimoine utilise des cookies afin de r\u00e9aliser des statistiques de visites, enregistrer les donn\u00e9es communiqu\u00e9es, et am\u00e9liorer le parcours de navigation des utilisateurs.<\/p>\n\n\n\n<p>Qu\u2019est-ce qu\u2019un Cookie ?<\/p>\n\n\n\n<p>Le terme \u00ab Cookie(s) \u00bb d\u00e9signe l\u2019ensemble des traceurs (pixel tag, bugs, webs storage,\u2026) d\u00e9pos\u00e9s et\/ou lus, par exemple, lors de la consultation d\u2019un site Internet ou d\u2019une publicit\u00e9.<\/p>\n\n\n\n<ul class=\"wp-block-list\">\n<li>Il s\u2019agit donc d\u2019une information d\u00e9pos\u00e9e sur le disque dur de l\u2019\u00e9quipement de l\u2019utilisateur par le serveur du site ou de l\u2019application visit\u00e9.<\/li>\n\n\n\n<li>Il contient plusieurs donn\u00e9es :<\/li>\n\n\n\n<li>Le nom du serveur qui l\u2019a d\u00e9pos\u00e9 ;<\/li>\n\n\n\n<li>Un identifiant sous forme de num\u00e9ro unique ;<\/li>\n\n\n\n<li>\u00c9ventuellement une date d\u2019expiration de cookies\u2026<\/li>\n<\/ul>\n\n\n\n<p>Ces informations sont parfois stock\u00e9es sur l\u2019\u00e9quipement dans un simple fichier texte auquel un serveur acc\u00e8de pour lire et enregistrer des informations.<\/p>\n\n\n\n<p>Plusieurs types de Cookies sont pr\u00e9sents sur les Sites. Il s\u2019agit de Cookies ayant les finalit\u00e9s suivantes :<\/p>\n\n\n\n<ul class=\"wp-block-list\">\n<li>Les Cookies n\u00e9cessaires au fonctionnement des sites<\/li>\n\n\n\n<li>Les Cookies utilis\u00e9s dans le cadre des mesures d\u2019audience<\/li>\n\n\n\n<li>Les Cookies n\u00e9cessaires au fonctionnement des Sites<\/li>\n\n\n\n<li>Ces Cookies sont n\u00e9cessaires au bon fonctionnement des Sites et \u00e0 la navigation sur les Sites. Ils permettent \u00e0 l\u2019Utilisateur d\u2019acc\u00e9der aux principales fonctionnalit\u00e9s des Sites.<\/li>\n<\/ul>\n\n\n\n<p><strong>LES COOKIES DE MESURE D\u2019AUDIENCE<\/strong><\/p>\n\n\n\n<p>Ces Cookies sont destin\u00e9s \u00e0 \u00e9tablir la volum\u00e9trie et des statistiques de fr\u00e9quentation des Sites, des diff\u00e9rentes rubriques ainsi que l\u2019utilisation des services propos\u00e9s sur chacun d\u2019entre eux.<br>Ces Cookies permettent \u00e0 Actif Atlantique&nbsp;Patrimoine d\u2019am\u00e9liorer le fonctionnement et l\u2019ergonomie des Sites.<\/p>\n\n\n\n<p><strong>GESTION DES COOKIES<\/strong><\/p>\n\n\n\n<p>Les Utilisateurs ont la possibilit\u00e9 d\u2019accepter ou de refuser les cookies sur le site ou de les refuser une fois pour toutes en param\u00e9trant leur navigateur.<br>Si l\u2019Utilisateur choisit de refuser l\u2019ensemble des cookies, la navigation acc\u00e9dant \u00e0 certaines pages du site sera r\u00e9duite.<br>Selon le navigateur utilis\u00e9 par les Utilisateurs, les modalit\u00e9s de suppression des cookies sont les suivantes :<\/p>\n\n\n\n<p><strong>SUR INTERNET EXPLORER<\/strong><\/p>\n\n\n\n<p>Cliquer sur le bouton Outils, puis sur Options Internet.<br>Sous l\u2019onglet G\u00e9n\u00e9ral, sous Historique de navigation, cliquer sur Param\u00e8tres.<br>Cliquer sur le bouton Afficher les fichiers.<br>S\u00e9lectionner les cookies \u00e0 refuser et cliquer sur supprimer.<\/p>\n\n\n\n<p><strong>SUR FIREFOX<\/strong><\/p>\n\n\n\n<p>Cliquer sur l\u2019ic\u00f4ne Outils du navigateur, s\u00e9lectionner le menu Options<br>Dans la fen\u00eatre qui s\u2019affiche, choisir \u00ab&nbsp;Vie priv\u00e9e&nbsp;\u00bb et cliquer sur \u00ab&nbsp;Affichez les cookies&nbsp;\u00bb<br>S\u00e9lectionner les cookies \u00e0 refuser et cliquer sur supprimer.<\/p>\n\n\n\n<p><strong>SUR SAFARI<\/strong><\/p>\n\n\n\n<p>Cliquer sur l\u2019ic\u00f4ne \u00c9dition, s\u00e9lectionner le menu Pr\u00e9f\u00e9rences.<br>Cliquer sur S\u00e9curit\u00e9 puis sur Afficher les cookies.<br>S\u00e9lectionner les cookies \u00e0 refuser et cliquer sur supprimer.<\/p>\n\n\n\n<p><strong>SUR GOOGLE CHROME<\/strong><\/p>\n\n\n\n<p>Cliquer sur l\u2019ic\u00f4ne Outils, s\u00e9lectionner le menu Options puis cliquer l\u2019onglet Options avanc\u00e9es et acc\u00e9der \u00e0 la section \u00ab&nbsp;Confidentialit\u00e9&nbsp;\u00bb. Cliquer sur le bouton \u00ab&nbsp;Afficher les cookies&nbsp;\u00bb .<br>S\u00e9lectionner les cookies \u00e0 refuser puis cliquer sur supprimer.<\/p>\n\n\n\n<p><strong>DUR\u00c9E DE VIE DES COOKIES<\/strong><\/p>\n\n\n\n<p>Les cookies sont d\u00e9pos\u00e9s sur le terminal de l\u2019Utilisateur pour une dur\u00e9e maximum de 13 mois \u00e0 compter de la manifestation du consentement de l\u2019Utilisateur.<br>Pass\u00e9 ce d\u00e9lai, le consentement sera \u00e0 nouveau recueilli.<\/p>\n\n\n\n<h2 class=\"wp-block-heading\">Contact<\/h2>\n\n\n\n<p>Toute question concernant la Politique de confidentialit\u00e9 de Actif Atlantique&nbsp;Patrimoine peut \u00eatre adress\u00e9e par&nbsp;e-mail&nbsp;ou par courrier \u00e0 :<\/p>\n\n\n\n<p>Actif Atlantique&nbsp;Patrimoine<br>1, Rue d\u2019Angers BP 94<br>44143 CH\u00c2TEAUBRIANT Cedex<\/p>\n","protected":false},"excerpt":{"rendered":"<p>Qui sommes-nous&nbsp;? Actif Atlantique\u00a0Patrimoine\u00a0est une entreprise qui vous accompagne dans la constitution de votre patrimoine et dans la gestion de l\u2019existant. L\u2019adresse de notre site Web est\u00a0:\u00a0https:\/\/aap-patrimoine.com\/. UTILISATION DES DONN\u00c9ES PERSONNELLES COLLECT\u00c9ES FORMULAIRES DE CONTACT Chaque formulaire&nbsp;limite la collecte des donn\u00e9es personnelles au strict n\u00e9cessaire (minimisation des donn\u00e9es) et indique notamment : FINALIT\u00c9S La gestion &hellip; <\/p>\n<p class=\"link-more\"><a href=\"https:\/\/aap-patrimoine.com\/index.php\/politique-de-confidentialite\/\" class=\"more-link\">Read more<span class=\"screen-reader-text\"> &#8220;Politique de confidentialit\u00e9&#8221;<\/span><\/a><\/p>\n","protected":false},"author":1,"featured_media":0,"parent":0,"menu_order":0,"comment_status":"closed","ping_status":"open","template":"","meta":{"inspiro_hide_title":false,"footnotes":""},"class_list":["post-3","page","type-page","status-publish","hentry"],"yoast_head":"<!-- This site is optimized with the Yoast SEO plugin v25.9 - https:\/\/yoast.com\/wordpress\/plugins\/seo\/ -->\n<title>Politique de confidentialit\u00e9 - AAP<\/title>\n<meta name=\"robots\" content=\"index, follow, max-snippet:-1, max-image-preview:large, max-video-preview:-1\" \/>\n<link rel=\"canonical\" href=\"https:\/\/aap-patrimoine.com\/index.php\/politique-de-confidentialite\/\" \/>\n<meta property=\"og:locale\" content=\"en_US\" \/>\n<meta property=\"og:type\" content=\"article\" \/>\n<meta property=\"og:title\" content=\"Politique de confidentialit\u00e9 - AAP\" \/>\n<meta property=\"og:description\" content=\"Qui sommes-nous&nbsp;? Actif Atlantique\u00a0Patrimoine\u00a0est une entreprise qui vous accompagne dans la constitution de votre patrimoine et dans la gestion de l\u2019existant. L\u2019adresse de notre site Web est\u00a0:\u00a0https:\/\/aap-patrimoine.com\/. UTILISATION DES DONN\u00c9ES PERSONNELLES COLLECT\u00c9ES FORMULAIRES DE CONTACT Chaque formulaire&nbsp;limite la collecte des donn\u00e9es personnelles au strict n\u00e9cessaire (minimisation des donn\u00e9es) et indique notamment : FINALIT\u00c9S La gestion &hellip; Read more &quot;Politique de confidentialit\u00e9&quot;\" \/>\n<meta property=\"og:url\" content=\"https:\/\/aap-patrimoine.com\/index.php\/politique-de-confidentialite\/\" \/>\n<meta property=\"og:site_name\" content=\"AAP\" \/>\n<meta property=\"article:modified_time\" content=\"2023-09-08T14:39:34+00:00\" \/>\n<meta name=\"twitter:card\" content=\"summary_large_image\" \/>\n<meta name=\"twitter:label1\" content=\"Est. reading time\" \/>\n\t<meta name=\"twitter:data1\" content=\"7 minutes\" \/>\n<script type=\"application\/ld+json\" class=\"yoast-schema-graph\">{\"@context\":\"https:\/\/schema.org\",\"@graph\":[{\"@type\":\"WebPage\",\"@id\":\"https:\/\/aap-patrimoine.com\/index.php\/politique-de-confidentialite\/\",\"url\":\"https:\/\/aap-patrimoine.com\/index.php\/politique-de-confidentialite\/\",\"name\":\"Politique de confidentialit\u00e9 - AAP\",\"isPartOf\":{\"@id\":\"https:\/\/aap-patrimoine.com\/#website\"},\"datePublished\":\"2023-06-20T09:17:30+00:00\",\"dateModified\":\"2023-09-08T14:39:34+00:00\",\"breadcrumb\":{\"@id\":\"https:\/\/aap-patrimoine.com\/index.php\/politique-de-confidentialite\/#breadcrumb\"},\"inLanguage\":\"en-US\",\"potentialAction\":[{\"@type\":\"ReadAction\",\"target\":[\"https:\/\/aap-patrimoine.com\/index.php\/politique-de-confidentialite\/\"]}]},{\"@type\":\"BreadcrumbList\",\"@id\":\"https:\/\/aap-patrimoine.com\/index.php\/politique-de-confidentialite\/#breadcrumb\",\"itemListElement\":[{\"@type\":\"ListItem\",\"position\":1,\"name\":\"Accueil\",\"item\":\"https:\/\/aap-patrimoine.com\/\"},{\"@type\":\"ListItem\",\"position\":2,\"name\":\"Politique de confidentialit\u00e9\"}]},{\"@type\":\"WebSite\",\"@id\":\"https:\/\/aap-patrimoine.com\/#website\",\"url\":\"https:\/\/aap-patrimoine.com\/\",\"name\":\"AAP\",\"description\":\"Actif Atlantique Patrimoine\",\"publisher\":{\"@id\":\"https:\/\/aap-patrimoine.com\/#organization\"},\"potentialAction\":[{\"@type\":\"SearchAction\",\"target\":{\"@type\":\"EntryPoint\",\"urlTemplate\":\"https:\/\/aap-patrimoine.com\/?s={search_term_string}\"},\"query-input\":{\"@type\":\"PropertyValueSpecification\",\"valueRequired\":true,\"valueName\":\"search_term_string\"}}],\"inLanguage\":\"en-US\"},{\"@type\":\"Organization\",\"@id\":\"https:\/\/aap-patrimoine.com\/#organization\",\"name\":\"ACTIF ATLANTIQUE PATRIMOINE\",\"url\":\"https:\/\/aap-patrimoine.com\/\",\"logo\":{\"@type\":\"ImageObject\",\"inLanguage\":\"en-US\",\"@id\":\"https:\/\/aap-patrimoine.com\/#\/schema\/logo\/image\/\",\"url\":\"https:\/\/aap-patrimoine.com\/wp-content\/uploads\/2023\/06\/cropped-cropped-cropped-Plan-de-travail-3-1.png\",\"contentUrl\":\"https:\/\/aap-patrimoine.com\/wp-content\/uploads\/2023\/06\/cropped-cropped-cropped-Plan-de-travail-3-1.png\",\"width\":512,\"height\":381,\"caption\":\"ACTIF ATLANTIQUE PATRIMOINE\"},\"image\":{\"@id\":\"https:\/\/aap-patrimoine.com\/#\/schema\/logo\/image\/\"}}]}<\/script>\n<!-- \/ Yoast SEO plugin. -->","yoast_head_json":{"title":"Politique de confidentialit\u00e9 - AAP","robots":{"index":"index","follow":"follow","max-snippet":"max-snippet:-1","max-image-preview":"max-image-preview:large","max-video-preview":"max-video-preview:-1"},"canonical":"https:\/\/aap-patrimoine.com\/index.php\/politique-de-confidentialite\/","og_locale":"en_US","og_type":"article","og_title":"Politique de confidentialit\u00e9 - AAP","og_description":"Qui sommes-nous&nbsp;? Actif Atlantique\u00a0Patrimoine\u00a0est une entreprise qui vous accompagne dans la constitution de votre patrimoine et dans la gestion de l\u2019existant. L\u2019adresse de notre site Web est\u00a0:\u00a0https:\/\/aap-patrimoine.com\/. UTILISATION DES DONN\u00c9ES PERSONNELLES COLLECT\u00c9ES FORMULAIRES DE CONTACT Chaque formulaire&nbsp;limite la collecte des donn\u00e9es personnelles au strict n\u00e9cessaire (minimisation des donn\u00e9es) et indique notamment : FINALIT\u00c9S La gestion &hellip; Read more \"Politique de confidentialit\u00e9\"","og_url":"https:\/\/aap-patrimoine.com\/index.php\/politique-de-confidentialite\/","og_site_name":"AAP","article_modified_time":"2023-09-08T14:39:34+00:00","twitter_card":"summary_large_image","twitter_misc":{"Est. reading time":"7 minutes"},"schema":{"@context":"https:\/\/schema.org","@graph":[{"@type":"WebPage","@id":"https:\/\/aap-patrimoine.com\/index.php\/politique-de-confidentialite\/","url":"https:\/\/aap-patrimoine.com\/index.php\/politique-de-confidentialite\/","name":"Politique de confidentialit\u00e9 - AAP","isPartOf":{"@id":"https:\/\/aap-patrimoine.com\/#website"},"datePublished":"2023-06-20T09:17:30+00:00","dateModified":"2023-09-08T14:39:34+00:00","breadcrumb":{"@id":"https:\/\/aap-patrimoine.com\/index.php\/politique-de-confidentialite\/#breadcrumb"},"inLanguage":"en-US","potentialAction":[{"@type":"ReadAction","target":["https:\/\/aap-patrimoine.com\/index.php\/politique-de-confidentialite\/"]}]},{"@type":"BreadcrumbList","@id":"https:\/\/aap-patrimoine.com\/index.php\/politique-de-confidentialite\/#breadcrumb","itemListElement":[{"@type":"ListItem","position":1,"name":"Accueil","item":"https:\/\/aap-patrimoine.com\/"},{"@type":"ListItem","position":2,"name":"Politique de confidentialit\u00e9"}]},{"@type":"WebSite","@id":"https:\/\/aap-patrimoine.com\/#website","url":"https:\/\/aap-patrimoine.com\/","name":"AAP","description":"Actif Atlantique Patrimoine","publisher":{"@id":"https:\/\/aap-patrimoine.com\/#organization"},"potentialAction":[{"@type":"SearchAction","target":{"@type":"EntryPoint","urlTemplate":"https:\/\/aap-patrimoine.com\/?s={search_term_string}"},"query-input":{"@type":"PropertyValueSpecification","valueRequired":true,"valueName":"search_term_string"}}],"inLanguage":"en-US"},{"@type":"Organization","@id":"https:\/\/aap-patrimoine.com\/#organization","name":"ACTIF ATLANTIQUE PATRIMOINE","url":"https:\/\/aap-patrimoine.com\/","logo":{"@type":"ImageObject","inLanguage":"en-US","@id":"https:\/\/aap-patrimoine.com\/#\/schema\/logo\/image\/","url":"https:\/\/aap-patrimoine.com\/wp-content\/uploads\/2023\/06\/cropped-cropped-cropped-Plan-de-travail-3-1.png","contentUrl":"https:\/\/aap-patrimoine.com\/wp-content\/uploads\/2023\/06\/cropped-cropped-cropped-Plan-de-travail-3-1.png","width":512,"height":381,"caption":"ACTIF ATLANTIQUE PATRIMOINE"},"image":{"@id":"https:\/\/aap-patrimoine.com\/#\/schema\/logo\/image\/"}}]}},"jetpack_sharing_enabled":true,"_links":{"self":[{"href":"https:\/\/aap-patrimoine.com\/index.php\/wp-json\/wp\/v2\/pages\/3","targetHints":{"allow":["GET"]}}],"collection":[{"href":"https:\/\/aap-patrimoine.com\/index.php\/wp-json\/wp\/v2\/pages"}],"about":[{"href":"https:\/\/aap-patrimoine.com\/index.php\/wp-json\/wp\/v2\/types\/page"}],"author":[{"embeddable":true,"href":"https:\/\/aap-patrimoine.com\/index.php\/wp-json\/wp\/v2\/users\/1"}],"replies":[{"embeddable":true,"href":"https:\/\/aap-patrimoine.com\/index.php\/wp-json\/wp\/v2\/comments?post=3"}],"version-history":[{"count":2,"href":"https:\/\/aap-patrimoine.com\/index.php\/wp-json\/wp\/v2\/pages\/3\/revisions"}],"predecessor-version":[{"id":71,"href":"https:\/\/aap-patrimoine.com\/index.php\/wp-json\/wp\/v2\/pages\/3\/revisions\/71"}],"wp:attachment":[{"href":"https:\/\/aap-patrimoine.com\/index.php\/wp-json\/wp\/v2\/media?parent=3"}],"curies":[{"name":"wp","href":"https:\/\/api.w.org\/{rel}","templated":true}]}}